{"id":9,"date":"2025-03-27T15:23:27","date_gmt":"2025-03-27T15:23:27","guid":{"rendered":"https:\/\/panalabea.rkinformatika.online\/?page_id=9"},"modified":"2025-04-07T13:51:25","modified_gmt":"2025-04-07T13:51:25","slug":"inicio","status":"publish","type":"page","link":"https:\/\/panalabea.com\/eu\/","title":{"rendered":"Hasiera"},"content":{"rendered":"\t\t<div data-elementor-type=\"wp-page\" data-elementor-id=\"9\" class=\"elementor elementor-9\" data-elementor-post-type=\"page\">\n\t\t\t\t<div class=\"elementor-element elementor-element-6f83a8d e-con-full e-flex e-con e-parent\" data-id=\"6f83a8d\" data-element_type=\"container\" data-e-type=\"container\" data-settings=\"{&quot;background_background&quot;:&quot;classic&quot;}\">\n\t\t<div class=\"elementor-element elementor-element-7f8ce99 e-con-full e-flex e-con e-child\" data-id=\"7f8ce99\" data-element_type=\"container\" data-e-type=\"container\" data-settings=\"{&quot;background_background&quot;:&quot;classic&quot;}\">\n\t\t\t\t<div class=\"elementor-element elementor-element-3b9a001 elementor-invisible elementor-widget elementor-widget-heading\" data-id=\"3b9a001\" data-element_type=\"widget\" data-e-type=\"widget\" data-settings=\"{&quot;_animation&quot;:&quot;zoomIn&quot;}\" data-widget_type=\"heading.default\">\n\t\t\t\t<div class=\"elementor-widget-container\">\n\t\t\t\t\t<h3 class=\"elementor-heading-title elementor-size-default\">Bienvenido a<\/h3>\t\t\t\t<\/div>\n\t\t\t\t<\/div>\n\t\t\t\t<div class=\"elementor-element elementor-element-cf3aae4 animated-slow elementor-invisible elementor-widget elementor-widget-heading\" data-id=\"cf3aae4\" data-element_type=\"widget\" data-e-type=\"widget\" data-settings=\"{&quot;_animation&quot;:&quot;zoomIn&quot;,&quot;_animation_delay&quot;:300}\" data-widget_type=\"heading.default\">\n\t\t\t\t<div class=\"elementor-widget-container\">\n\t\t\t\t\t<h3 class=\"elementor-heading-title elementor-size-default\">Tahona Labea<\/h3>\t\t\t\t<\/div>\n\t\t\t\t<\/div>\n\t\t\t\t<\/div>\n\t\t\t\t<\/div>\n\t\t<div class=\"elementor-element elementor-element-3d760af e-flex e-con-boxed e-con e-parent\" data-id=\"3d760af\" data-element_type=\"container\" data-e-type=\"container\">\n\t\t\t\t\t<div class=\"e-con-inner\">\n\t\t<div class=\"elementor-element elementor-element-f77cc42 e-con-full e-flex e-con e-child\" data-id=\"f77cc42\" data-element_type=\"container\" data-e-type=\"container\">\n\t\t\t\t<div class=\"elementor-element elementor-element-328e736 elementor-invisible elementor-widget elementor-widget-heading\" data-id=\"328e736\" data-element_type=\"widget\" data-e-type=\"widget\" data-settings=\"{&quot;_animation&quot;:&quot;fadeInDown&quot;}\" data-widget_type=\"heading.default\">\n\t\t\t\t<div class=\"elementor-widget-container\">\n\t\t\t\t\t<h3 class=\"elementor-heading-title elementor-size-default\">Tahona Labea<\/h3>\t\t\t\t<\/div>\n\t\t\t\t<\/div>\n\t\t\t\t<div class=\"elementor-element elementor-element-19033ed elementor-invisible elementor-widget elementor-widget-text-editor\" data-id=\"19033ed\" data-element_type=\"widget\" data-e-type=\"widget\" data-settings=\"{&quot;_animation&quot;:&quot;fadeInUp&quot;}\" data-widget_type=\"text-editor.default\">\n\t\t\t\t<div class=\"elementor-widget-container\">\n\t\t\t\t\t\t\t\t\t<article class=\"w-full text-token-text-primary\" dir=\"auto\" data-testid=\"conversation-turn-4\" data-scroll-anchor=\"true\"><div class=\"text-base my-auto mx-auto py-5 px-6\"><div class=\"mx-auto flex flex-1 text-base gap-4 md:gap-5 lg:gap-6 md:max-w-3xl group\/turn-messages focus-visible:outline-none\" tabindex=\"-1\"><div class=\"group\/conversation-turn relative flex w-full min-w-0 flex-col agent-turn @xs\/thread:px-0 @sm\/thread:px-1.5 @md\/thread:px-4\"><div class=\"relative flex-col gap-1 md:gap-3\"><div class=\"flex max-w-full flex-col flex-grow\"><div class=\"min-h-8 text-message relative flex w-full flex-col items-end gap-2 whitespace-normal break-words text-start [.text-message+&amp;]:mt-5\" dir=\"auto\" data-message-author-role=\"assistant\" data-message-id=\"9745dd98-16f8-4117-b675-033f6fde097e\" data-message-model-slug=\"gpt-4o-mini\"><div class=\"flex w-full flex-col gap-1 empty:hidden first:pt-[3px]\"><div class=\"markdown prose w-full break-words dark:prose-invert dark\"><p class=\"\" data-start=\"0\" data-end=\"524\">Con m\u00e1s de 20 a\u00f1os de experiencia, nos dedicamos a la panader\u00eda, pasteler\u00eda, boller\u00eda, manteniendo la tradici\u00f3n y la calidad en cada producto. Nuestro compromiso es ofrecer siempre lo mejor, con ingredientes seleccionados y recetas que han conquistado a nuestros clientes a lo largo del tiempo. Ven y disfruta del sabor de siempre con la frescura de cada d\u00eda.<\/p><\/div><\/div><\/div><\/div><\/div><\/div><\/div><\/div><\/article>\t\t\t\t\t\t\t\t<\/div>\n\t\t\t\t<\/div>\n\t\t\t\t<\/div>\n\t\t<div class=\"elementor-element elementor-element-9ce79aa e-con-full elementor-hidden-mobile e-flex e-con e-child\" data-id=\"9ce79aa\" data-element_type=\"container\" data-e-type=\"container\" data-settings=\"{&quot;background_background&quot;:&quot;classic&quot;}\">\n\t\t\t\t<div class=\"elementor-element elementor-element-86055f7 elementor-invisible elementor-widget elementor-widget-image\" data-id=\"86055f7\" data-element_type=\"widget\" data-e-type=\"widget\" data-settings=\"{&quot;_animation&quot;:&quot;tada&quot;}\" data-widget_type=\"image.default\">\n\t\t\t\t<div class=\"elementor-widget-container\">\n\t\t\t\t\t\t\t\t\t\t\t\t\t\t\t<img fetchpriority=\"high\" decoding=\"async\" width=\"800\" height=\"800\" src=\"https:\/\/panalabea.com\/wp-content\/uploads\/2025\/03\/logo2-1024x1024.png\" class=\"attachment-large size-large wp-image-176\" alt=\"\" srcset=\"https:\/\/panalabea.com\/wp-content\/uploads\/2025\/03\/logo2-1024x1024.png 1024w, https:\/\/panalabea.com\/wp-content\/uploads\/2025\/03\/logo2-300x300.png 300w, https:\/\/panalabea.com\/wp-content\/uploads\/2025\/03\/logo2-150x150.png 150w, https:\/\/panalabea.com\/wp-content\/uploads\/2025\/03\/logo2-768x768.png 768w, https:\/\/panalabea.com\/wp-content\/uploads\/2025\/03\/logo2-1536x1536.png 1536w, https:\/\/panalabea.com\/wp-content\/uploads\/2025\/03\/logo2-12x12.png 12w, https:\/\/panalabea.com\/wp-content\/uploads\/2025\/03\/elementor\/thumbs\/logo2-r3ipsrvrg8bca6gwow6cxua21bdhez9imybunttrkg.png 200w, https:\/\/panalabea.com\/wp-content\/uploads\/2025\/03\/logo2.png 1563w\" sizes=\"(max-width: 800px) 100vw, 800px\" \/>\t\t\t\t\t\t\t\t\t\t\t\t\t\t\t<\/div>\n\t\t\t\t<\/div>\n\t\t\t\t<\/div>\n\t\t\t\t\t<\/div>\n\t\t\t\t<\/div>\n\t\t\t\t<section class=\"elementor-section elementor-top-section elementor-element elementor-element-14f41fa elementor-section-full_width elementor-section-height-default elementor-section-height-default\" data-id=\"14f41fa\" data-element_type=\"section\" data-e-type=\"section\" data-settings=\"{&quot;background_background&quot;:&quot;classic&quot;}\">\n\t\t\t\t\t\t\t<div class=\"elementor-background-overlay\"><\/div>\n\t\t\t\t\t\t\t<div class=\"elementor-container elementor-column-gap-default\">\n\t\t\t\t\t<div class=\"elementor-column elementor-col-100 elementor-top-column elementor-element elementor-element-37f1e61\" data-id=\"37f1e61\" data-element_type=\"column\" data-e-type=\"column\" data-settings=\"{&quot;background_background&quot;:&quot;classic&quot;}\">\n\t\t\t<div class=\"elementor-widget-wrap elementor-element-populated\">\n\t\t\t\t\t\t<div class=\"elementor-element elementor-element-b9b4407 elementor-widget elementor-widget-heading\" data-id=\"b9b4407\" data-element_type=\"widget\" data-e-type=\"widget\" data-widget_type=\"heading.default\">\n\t\t\t\t<div class=\"elementor-widget-container\">\n\t\t\t\t\t<h1 class=\"elementor-heading-title elementor-size-default\">Descubre nuestra <br>selecci\u00f3n de productos<\/h1>\t\t\t\t<\/div>\n\t\t\t\t<\/div>\n\t\t\t\t<div class=\"elementor-element elementor-element-b90cb96 elementor-align-center elementor-mobile-align-center elementor-widget__width-initial elementor-widget elementor-widget-button\" data-id=\"b90cb96\" data-element_type=\"widget\" data-e-type=\"widget\" data-widget_type=\"button.default\">\n\t\t\t\t<div class=\"elementor-widget-container\">\n\t\t\t\t\t\t\t\t\t<div class=\"elementor-button-wrapper\">\n\t\t\t\t\t<a class=\"elementor-button elementor-button-link elementor-size-xs elementor-animation-float\" href=\"http:\/\/panalabea.rkinformatika.online\/productos\">\n\t\t\t\t\t\t<span class=\"elementor-button-content-wrapper\">\n\t\t\t\t\t\t\t\t\t<span class=\"elementor-button-text\">Productos<\/span>\n\t\t\t\t\t<\/span>\n\t\t\t\t\t<\/a>\n\t\t\t\t<\/div>\n\t\t\t\t\t\t\t\t<\/div>\n\t\t\t\t<\/div>\n\t\t\t\t\t<\/div>\n\t\t<\/div>\n\t\t\t\t\t<\/div>\n\t\t<\/section>\n\t\t\t\t<\/div>\n\t\t","protected":false},"excerpt":{"rendered":"<p>Bienvenido a Tahona Labea Tahona Labea Con m\u00e1s de 20 a\u00f1os de experiencia, nos dedicamos a la panader\u00eda, pasteler\u00eda, boller\u00eda, manteniendo la tradici\u00f3n y la calidad en cada producto. Nuestro compromiso es ofrecer siempre lo mejor, con ingredientes seleccionados y recetas que han conquistado a nuestros clientes a lo largo del tiempo. Ven y disfruta [&hellip;]<\/p>\n","protected":false},"author":1,"featured_media":0,"parent":0,"menu_order":0,"comment_status":"closed","ping_status":"closed","template":"elementor_canvas","meta":{"footnotes":""},"class_list":["post-9","page","type-page","status-publish","hentry"],"yoast_head":"<!-- This site is optimized with the Yoast SEO plugin v27.4 - https:\/\/yoast.com\/product\/yoast-seo-wordpress\/ -->\n<title>Inicio - panalabea<\/title>\n<meta name=\"robots\" content=\"index, follow, max-snippet:-1, max-image-preview:large, max-video-preview:-1\" \/>\n<link rel=\"canonical\" href=\"https:\/\/panalabea.com\/eu\/\" \/>\n<meta property=\"og:locale\" content=\"en_US\" \/>\n<meta property=\"og:type\" content=\"article\" \/>\n<meta property=\"og:title\" content=\"Inicio - panalabea\" \/>\n<meta property=\"og:description\" content=\"Bienvenido a Tahona Labea Tahona Labea Con m\u00e1s de 20 a\u00f1os de experiencia, nos dedicamos a la panader\u00eda, pasteler\u00eda, boller\u00eda, manteniendo la tradici\u00f3n y la calidad en cada producto. Nuestro compromiso es ofrecer siempre lo mejor, con ingredientes seleccionados y recetas que han conquistado a nuestros clientes a lo largo del tiempo. Ven y disfruta [&hellip;]\" \/>\n<meta property=\"og:url\" content=\"https:\/\/panalabea.com\/eu\/\" \/>\n<meta property=\"og:site_name\" content=\"panalabea\" \/>\n<meta property=\"article:modified_time\" content=\"2025-04-07T13:51:25+00:00\" \/>\n<meta property=\"og:image\" content=\"https:\/\/panalabea.com\/wp-content\/uploads\/2025\/03\/logo2-1024x1024.png\" \/>\n<meta name=\"twitter:card\" content=\"summary_large_image\" \/>\n<meta name=\"twitter:label1\" content=\"Est. reading time\" \/>\n\t<meta name=\"twitter:data1\" content=\"1 minutua\" \/>\n<script type=\"application\/ld+json\" class=\"yoast-schema-graph\">{\"@context\":\"https:\\\/\\\/schema.org\",\"@graph\":[{\"@type\":\"WebPage\",\"@id\":\"https:\\\/\\\/panalabea.com\\\/\",\"url\":\"https:\\\/\\\/panalabea.com\\\/\",\"name\":\"Inicio - panalabea\",\"isPartOf\":{\"@id\":\"https:\\\/\\\/panalabea.com\\\/#website\"},\"primaryImageOfPage\":{\"@id\":\"https:\\\/\\\/panalabea.com\\\/#primaryimage\"},\"image\":{\"@id\":\"https:\\\/\\\/panalabea.com\\\/#primaryimage\"},\"thumbnailUrl\":\"https:\\\/\\\/panalabea.com\\\/wp-content\\\/uploads\\\/2025\\\/03\\\/logo2-1024x1024.png\",\"datePublished\":\"2025-03-27T15:23:27+00:00\",\"dateModified\":\"2025-04-07T13:51:25+00:00\",\"breadcrumb\":{\"@id\":\"https:\\\/\\\/panalabea.com\\\/#breadcrumb\"},\"inLanguage\":\"eu\",\"potentialAction\":[{\"@type\":\"ReadAction\",\"target\":[\"https:\\\/\\\/panalabea.com\\\/\"]}]},{\"@type\":\"ImageObject\",\"inLanguage\":\"eu\",\"@id\":\"https:\\\/\\\/panalabea.com\\\/#primaryimage\",\"url\":\"https:\\\/\\\/panalabea.com\\\/wp-content\\\/uploads\\\/2025\\\/03\\\/logo2-1024x1024.png\",\"contentUrl\":\"https:\\\/\\\/panalabea.com\\\/wp-content\\\/uploads\\\/2025\\\/03\\\/logo2-1024x1024.png\"},{\"@type\":\"BreadcrumbList\",\"@id\":\"https:\\\/\\\/panalabea.com\\\/#breadcrumb\",\"itemListElement\":[{\"@type\":\"ListItem\",\"position\":1,\"name\":\"Portada\",\"item\":\"https:\\\/\\\/panalabea.com\\\/\"},{\"@type\":\"ListItem\",\"position\":2,\"name\":\"Inicio\"}]},{\"@type\":\"WebSite\",\"@id\":\"https:\\\/\\\/panalabea.com\\\/#website\",\"url\":\"https:\\\/\\\/panalabea.com\\\/\",\"name\":\"panalabea\",\"description\":\"\",\"publisher\":{\"@id\":\"https:\\\/\\\/panalabea.com\\\/#organization\"},\"potentialAction\":[{\"@type\":\"SearchAction\",\"target\":{\"@type\":\"EntryPoint\",\"urlTemplate\":\"https:\\\/\\\/panalabea.com\\\/?s={search_term_string}\"},\"query-input\":{\"@type\":\"PropertyValueSpecification\",\"valueRequired\":true,\"valueName\":\"search_term_string\"}}],\"inLanguage\":\"eu\"},{\"@type\":\"Organization\",\"@id\":\"https:\\\/\\\/panalabea.com\\\/#organization\",\"name\":\"panalabea\",\"url\":\"https:\\\/\\\/panalabea.com\\\/\",\"logo\":{\"@type\":\"ImageObject\",\"inLanguage\":\"eu\",\"@id\":\"https:\\\/\\\/panalabea.com\\\/#\\\/schema\\\/logo\\\/image\\\/\",\"url\":\"https:\\\/\\\/panalabea.com\\\/wp-content\\\/uploads\\\/2025\\\/03\\\/cropped-logo-1024x1024-removebg-preview.png\",\"contentUrl\":\"https:\\\/\\\/panalabea.com\\\/wp-content\\\/uploads\\\/2025\\\/03\\\/cropped-logo-1024x1024-removebg-preview.png\",\"width\":500,\"height\":500,\"caption\":\"panalabea\"},\"image\":{\"@id\":\"https:\\\/\\\/panalabea.com\\\/#\\\/schema\\\/logo\\\/image\\\/\"}}]}<\/script>\n<!-- \/ Yoast SEO plugin. -->","yoast_head_json":{"title":"Inicio - panalabea","robots":{"index":"index","follow":"follow","max-snippet":"max-snippet:-1","max-image-preview":"max-image-preview:large","max-video-preview":"max-video-preview:-1"},"canonical":"https:\/\/panalabea.com\/eu\/","og_locale":"en_US","og_type":"article","og_title":"Inicio - panalabea","og_description":"Bienvenido a Tahona Labea Tahona Labea Con m\u00e1s de 20 a\u00f1os de experiencia, nos dedicamos a la panader\u00eda, pasteler\u00eda, boller\u00eda, manteniendo la tradici\u00f3n y la calidad en cada producto. Nuestro compromiso es ofrecer siempre lo mejor, con ingredientes seleccionados y recetas que han conquistado a nuestros clientes a lo largo del tiempo. Ven y disfruta [&hellip;]","og_url":"https:\/\/panalabea.com\/eu\/","og_site_name":"panalabea","article_modified_time":"2025-04-07T13:51:25+00:00","og_image":[{"url":"https:\/\/panalabea.com\/wp-content\/uploads\/2025\/03\/logo2-1024x1024.png","type":"","width":"","height":""}],"twitter_card":"summary_large_image","twitter_misc":{"Est. reading time":"1 minutua"},"schema":{"@context":"https:\/\/schema.org","@graph":[{"@type":"WebPage","@id":"https:\/\/panalabea.com\/","url":"https:\/\/panalabea.com\/","name":"Inicio - panalabea","isPartOf":{"@id":"https:\/\/panalabea.com\/#website"},"primaryImageOfPage":{"@id":"https:\/\/panalabea.com\/#primaryimage"},"image":{"@id":"https:\/\/panalabea.com\/#primaryimage"},"thumbnailUrl":"https:\/\/panalabea.com\/wp-content\/uploads\/2025\/03\/logo2-1024x1024.png","datePublished":"2025-03-27T15:23:27+00:00","dateModified":"2025-04-07T13:51:25+00:00","breadcrumb":{"@id":"https:\/\/panalabea.com\/#breadcrumb"},"inLanguage":"eu","potentialAction":[{"@type":"ReadAction","target":["https:\/\/panalabea.com\/"]}]},{"@type":"ImageObject","inLanguage":"eu","@id":"https:\/\/panalabea.com\/#primaryimage","url":"https:\/\/panalabea.com\/wp-content\/uploads\/2025\/03\/logo2-1024x1024.png","contentUrl":"https:\/\/panalabea.com\/wp-content\/uploads\/2025\/03\/logo2-1024x1024.png"},{"@type":"BreadcrumbList","@id":"https:\/\/panalabea.com\/#breadcrumb","itemListElement":[{"@type":"ListItem","position":1,"name":"Portada","item":"https:\/\/panalabea.com\/"},{"@type":"ListItem","position":2,"name":"Inicio"}]},{"@type":"WebSite","@id":"https:\/\/panalabea.com\/#website","url":"https:\/\/panalabea.com\/","name":"panalabea","description":"","publisher":{"@id":"https:\/\/panalabea.com\/#organization"},"potentialAction":[{"@type":"SearchAction","target":{"@type":"EntryPoint","urlTemplate":"https:\/\/panalabea.com\/?s={search_term_string}"},"query-input":{"@type":"PropertyValueSpecification","valueRequired":true,"valueName":"search_term_string"}}],"inLanguage":"eu"},{"@type":"Organization","@id":"https:\/\/panalabea.com\/#organization","name":"panalabea","url":"https:\/\/panalabea.com\/","logo":{"@type":"ImageObject","inLanguage":"eu","@id":"https:\/\/panalabea.com\/#\/schema\/logo\/image\/","url":"https:\/\/panalabea.com\/wp-content\/uploads\/2025\/03\/cropped-logo-1024x1024-removebg-preview.png","contentUrl":"https:\/\/panalabea.com\/wp-content\/uploads\/2025\/03\/cropped-logo-1024x1024-removebg-preview.png","width":500,"height":500,"caption":"panalabea"},"image":{"@id":"https:\/\/panalabea.com\/#\/schema\/logo\/image\/"}}]}},"_links":{"self":[{"href":"https:\/\/panalabea.com\/eu\/wp-json\/wp\/v2\/pages\/9","targetHints":{"allow":["GET"]}}],"collection":[{"href":"https:\/\/panalabea.com\/eu\/wp-json\/wp\/v2\/pages"}],"about":[{"href":"https:\/\/panalabea.com\/eu\/wp-json\/wp\/v2\/types\/page"}],"author":[{"embeddable":true,"href":"https:\/\/panalabea.com\/eu\/wp-json\/wp\/v2\/users\/1"}],"replies":[{"embeddable":true,"href":"https:\/\/panalabea.com\/eu\/wp-json\/wp\/v2\/comments?post=9"}],"version-history":[{"count":539,"href":"https:\/\/panalabea.com\/eu\/wp-json\/wp\/v2\/pages\/9\/revisions"}],"predecessor-version":[{"id":1666,"href":"https:\/\/panalabea.com\/eu\/wp-json\/wp\/v2\/pages\/9\/revisions\/1666"}],"wp:attachment":[{"href":"https:\/\/panalabea.com\/eu\/wp-json\/wp\/v2\/media?parent=9"}],"curies":[{"name":"wp","href":"https:\/\/api.w.org\/{rel}","templated":true}]}}